{"id":1043,"date":"2025-03-14T14:56:28","date_gmt":"2025-03-14T12:56:28","guid":{"rendered":"https:\/\/seablue137corfu.com\/?post_type=product&#038;p=1043"},"modified":"2026-04-01T03:16:46","modified_gmt":"2026-04-01T00:16:46","slug":"seablue-apartment-137-corfu","status":"publish","type":"product","link":"https:\/\/seablue137corfu.com\/de\/apartments\/seablue-apartment-137-corfu\/","title":{"rendered":"Seablue 137 Korfu Wohnung"},"content":{"rendered":"<p>\u25ba You are booking directly with the property owner \u2013 no intermediaries, no extra fees.<br \/>\nDie klimatisierte Ferienwohnung im Obergeschoss (40 m\u00b2) ist \u00fcber wenige Stufen erreichbar und verf\u00fcgt \u00fcber einen sch\u00f6nen Balkon, von dem aus man einen herrlichen Blick auf das blaue Meer des Ionischen Meeres und den Strand von Glyfada genie\u00dfen kann.<\/p>\n<p>Ideal for 2: The apartment&#8217;s size and features are tailored to the needs of two people, providing ample space and comfort for relaxation.<\/p>\n<p>Here&#8217;s a breakdown of the key features \u25ba<\/p>\n<p>Offene K\u00fcchenzeile und Wohnzimmer:<br \/>\nDieses Design schafft eine ger\u00e4umige und einladende Atmosph\u00e4re, die sich sowohl zum Kochen als auch zur Unterhaltung eignet.<br \/>\nModernes Design:<br \/>\nDie Wohnung ist mit modernen Designelementen ausgestattet, die sich durch klare Linien und Funktionalit\u00e4t auszeichnen.<br \/>\nBequemes Sofa:<br \/>\nDas Sofa ist zum Entspannen gedacht und bietet einen Platz zum Ausruhen, besonders beim Fernsehen.<br \/>\nSeparates Duschbad:<br \/>\nDieser spezielle Raum erh\u00f6ht die Funktionalit\u00e4t des Badezimmers und bietet einen sauberen und separaten Bereich zum Duschen.<br \/>\nNiedliches Schlafzimmer:<br \/>\nDas Schlafzimmer wird mit seinem Kingsize-Bett als gem\u00fctlich und einladend beschrieben und bietet einen komfortablen Raum f\u00fcr Schlaf und Erholung.<br \/>\nFunktionsweise:<br \/>\nDie Wohnung wurde mit Blick auf eine effiziente Raumnutzung und einen einfachen Zugang zu den wichtigsten Annehmlichkeiten konzipiert.<\/p>\n<p>F\u00fcr diejenigen, die mit dem Auto anreisen, gibt es einen privaten Parkplatz vor der Wohnung, oder wenn Sie den Nahverkehr bevorzugen, eine Bushaltestelle 6 Minuten zu Fu\u00df entfernt.<br \/>\nDer Strand ist etwa 100 Meter entfernt (ein paar Minuten Fu\u00dfweg \u00fcber eine leichte Steigung oder Stufen).<br \/>\nEs gibt eine Handvoll Tavernen und Restaurants, eine Strandbar, zwei Schnellimbisse und ein paar kleine Gesch\u00e4fte, die alle in wenigen Minuten zu Fu\u00df zu erreichen sind.<\/p>","protected":false},"excerpt":{"rendered":"<p><strong>Maximal 2 G\u00e4ste.<\/strong> Die ganze Wohnung geh\u00f6rt Ihnen.<br \/>\nMindestdauer des Aufenthalts - <strong>3 N\u00e4chte<\/strong><br \/>\nMindestreservierungszeit im Voraus - <strong>1 Tag<\/strong><br \/>\nHinweis: F\u00fcr alle anderen Anfragen, bitte <strong><a href=\"\/de\/contact\/\">kontaktieren Sie mich<\/a>.<\/strong><\/p>","protected":false},"featured_media":799,"comment_status":"open","ping_status":"closed","template":"","meta":{"pgc_sgb_lightbox_settings":"","_kadence_starter_templates_imported_post":false,"_kad_post_transparent":"disable","_kad_post_title":"","_kad_post_layout":"default","_kad_post_sidebar_id":"","_kad_post_content_style":"default","_kad_post_vertical_padding":"default","_kad_post_feature":"","_kad_post_feature_position":"","_kad_post_header":false,"_kad_post_footer":false,"_kad_post_classname":""},"product_brand":[],"product_cat":[17],"product_tag":[66,64,65],"class_list":{"0":"post-1043","1":"product","2":"type-product","3":"status-publish","4":"has-post-thumbnail","6":"product_cat-sea-view-apartment","7":"product_tag-2-guests-maximum","8":"product_tag-40-sq-m","9":"product_tag-sea-view-apartment","11":"first","12":"instock","13":"virtual","14":"sold-individually","15":"purchasable","16":"product-type-simple","17":"entry","18":"content-bg","19":"loop-entry"},"_links":{"self":[{"href":"https:\/\/seablue137corfu.com\/de\/wp-json\/wp\/v2\/product\/1043","targetHints":{"allow":["GET"]}}],"collection":[{"href":"https:\/\/seablue137corfu.com\/de\/wp-json\/wp\/v2\/product"}],"about":[{"href":"https:\/\/seablue137corfu.com\/de\/wp-json\/wp\/v2\/types\/product"}],"replies":[{"embeddable":true,"href":"https:\/\/seablue137corfu.com\/de\/wp-json\/wp\/v2\/comments?post=1043"}],"wp:featuredmedia":[{"embeddable":true,"href":"https:\/\/seablue137corfu.com\/de\/wp-json\/wp\/v2\/media\/799"}],"wp:attachment":[{"href":"https:\/\/seablue137corfu.com\/de\/wp-json\/wp\/v2\/media?parent=1043"}],"wp:term":[{"taxonomy":"product_brand","embeddable":true,"href":"https:\/\/seablue137corfu.com\/de\/wp-json\/wp\/v2\/product_brand?post=1043"},{"taxonomy":"product_cat","embeddable":true,"href":"https:\/\/seablue137corfu.com\/de\/wp-json\/wp\/v2\/product_cat?post=1043"},{"taxonomy":"product_tag","embeddable":true,"href":"https:\/\/seablue137corfu.com\/de\/wp-json\/wp\/v2\/product_tag?post=1043"}],"curies":[{"name":"wp","href":"https:\/\/api.w.org\/{rel}","templated":true}]}}